{"id":1988,"date":"2023-11-21T19:00:02","date_gmt":"2023-11-21T18:00:02","guid":{"rendered":"https:\/\/briffaut-import.com\/?page_id=1988"},"modified":"2023-12-01T16:16:44","modified_gmt":"2023-12-01T15:16:44","slug":"a-propos","status":"publish","type":"page","link":"https:\/\/briffaut-import.com\/index.php\/a-propos\/","title":{"rendered":"\u00c0 Propos"},"content":{"rendered":"\t\t<div data-elementor-type=\"wp-page\" data-elementor-id=\"1988\" class=\"elementor elementor-1988\" data-elementor-post-type=\"page\">\n\t\t\t\t\t\t\t<div class=\"elementor-element elementor-element-1b40b42 e-flex e-con-boxed e-con e-parent\" data-id=\"1b40b42\" data-element_type=\"container\" data-settings=\"{&quot;background_background&quot;:&quot;classic&quot;,&quot;content_width&quot;:&quot;boxed&quot;}\" data-core-v316-plus=\"true\">\n\t\t\t\t\t<div class=\"e-con-inner\">\n\t\t<div class=\"elementor-element elementor-element-3217494 e-flex e-con-boxed e-con e-child\" data-id=\"3217494\" data-element_type=\"container\" data-settings=\"{&quot;content_width&quot;:&quot;boxed&quot;}\">\n\t\t\t\t\t<div class=\"e-con-inner\">\n\t\t\t\t<div class=\"elementor-element elementor-element-d6c828b elementor-widget elementor-widget-heading\" data-id=\"d6c828b\" data-element_type=\"widget\" data-widget_type=\"heading.default\">\n\t\t\t\t<div class=\"elementor-widget-container\">\n\t\t\t<style>\/*! elementor - v3.17.0 - 08-11-2023 *\/\n.elementor-heading-title{padding:0;margin:0;line-height:1}.elementor-widget-heading .elementor-heading-title[class*=elementor-size-]>a{color:inherit;font-size:inherit;line-height:inherit}.elementor-widget-heading .elementor-heading-title.elementor-size-small{font-size:15px}.elementor-widget-heading .elementor-heading-title.elementor-size-medium{font-size:19px}.elementor-widget-heading .elementor-heading-title.elementor-size-large{font-size:29px}.elementor-widget-heading .elementor-heading-title.elementor-size-xl{font-size:39px}.elementor-widget-heading .elementor-heading-title.elementor-size-xxl{font-size:59px}<\/style><h1 class=\"elementor-heading-title elementor-size-large\">A PROPOS<\/h1>\t\t<\/div>\n\t\t\t\t<\/div>\n\t\t\t\t\t<\/div>\n\t\t\t\t<\/div>\n\t\t\t\t\t<\/div>\n\t\t\t\t<\/div>\n\t\t<div class=\"elementor-element elementor-element-e36c644 e-flex e-con-boxed e-con e-parent\" data-id=\"e36c644\" data-element_type=\"container\" data-settings=\"{&quot;content_width&quot;:&quot;boxed&quot;}\" data-core-v316-plus=\"true\">\n\t\t\t\t\t<div class=\"e-con-inner\">\n\t\t<div class=\"elementor-element elementor-element-23125cc e-con-full e-flex e-con e-child\" data-id=\"23125cc\" data-element_type=\"container\" data-settings=\"{&quot;content_width&quot;:&quot;full&quot;}\">\n\t\t\t\t<div class=\"elementor-element elementor-element-04ec667 elementor-widget elementor-widget-image\" data-id=\"04ec667\" data-element_type=\"widget\" data-widget_type=\"image.default\">\n\t\t\t\t<div class=\"elementor-widget-container\">\n\t\t\t<style>\/*! elementor - v3.17.0 - 08-11-2023 *\/\n.elementor-widget-image{text-align:center}.elementor-widget-image a{display:inline-block}.elementor-widget-image a img[src$=\".svg\"]{width:48px}.elementor-widget-image img{vertical-align:middle;display:inline-block}<\/style>\t\t\t\t\t\t\t\t\t\t\t\t<img fetchpriority=\"high\" decoding=\"async\" width=\"683\" height=\"1024\" src=\"https:\/\/briffaut-import.com\/wp-content\/themes\/rehub-theme\/images\/default\/blank.gif\" data-src=\"https:\/\/briffaut-import.com\/wp-content\/uploads\/2023\/11\/99b7509dab-683x1024.jpg\" class=\"lazyload attachment-large size-large wp-image-2330\" alt=\"\" srcset=\"https:\/\/briffaut-import.com\/wp-content\/uploads\/2023\/11\/99b7509dab-683x1024.jpg 683w, https:\/\/briffaut-import.com\/wp-content\/uploads\/2023\/11\/99b7509dab-200x300.jpg 200w, https:\/\/briffaut-import.com\/wp-content\/uploads\/2023\/11\/99b7509dab-768x1151.jpg 768w, https:\/\/briffaut-import.com\/wp-content\/uploads\/2023\/11\/99b7509dab-1025x1536.jpg 1025w, https:\/\/briffaut-import.com\/wp-content\/uploads\/2023\/11\/99b7509dab-1366x2048.jpg 1366w, https:\/\/briffaut-import.com\/wp-content\/uploads\/2023\/11\/99b7509dab-100x150.jpg 100w, https:\/\/briffaut-import.com\/wp-content\/uploads\/2023\/11\/99b7509dab-233x350.jpg 233w, https:\/\/briffaut-import.com\/wp-content\/uploads\/2023\/11\/99b7509dab-788x1181.jpg 788w, https:\/\/briffaut-import.com\/wp-content\/uploads\/2023\/11\/99b7509dab-600x899.jpg 600w, https:\/\/briffaut-import.com\/wp-content\/uploads\/2023\/11\/99b7509dab.jpg 667w\" sizes=\"(max-width: 683px) 100vw, 683px\" \/>\t\t\t\t\t\t\t\t\t\t\t\t\t\t\t<\/div>\n\t\t\t\t<\/div>\n\t\t\t\t<\/div>\n\t\t<div class=\"elementor-element elementor-element-36815de e-con-full e-flex e-con e-child\" data-id=\"36815de\" data-element_type=\"container\" data-settings=\"{&quot;content_width&quot;:&quot;full&quot;}\">\n\t\t\t\t<div class=\"elementor-element elementor-element-54170cf elementor-widget elementor-widget-heading\" data-id=\"54170cf\" data-element_type=\"widget\" data-widget_type=\"heading.default\">\n\t\t\t\t<div class=\"elementor-widget-container\">\n\t\t\t<h2 class=\"elementor-heading-title elementor-size-default\">BRIFFAUT IMPORT<\/h2>\t\t<\/div>\n\t\t\t\t<\/div>\n\t\t\t\t<div class=\"elementor-element elementor-element-6252d7e elementor-widget elementor-widget-text-editor\" data-id=\"6252d7e\" data-element_type=\"widget\" data-widget_type=\"text-editor.default\">\n\t\t\t\t<div class=\"elementor-widget-container\">\n\t\t\t<style>\/*! elementor - v3.17.0 - 08-11-2023 *\/\n.elementor-widget-text-editor.elementor-drop-cap-view-stacked .elementor-drop-cap{background-color:#69727d;color:#fff}.elementor-widget-text-editor.elementor-drop-cap-view-framed .elementor-drop-cap{color:#69727d;border:3px solid;background-color:transparent}.elementor-widget-text-editor:not(.elementor-drop-cap-view-default) .elementor-drop-cap{margin-top:8px}.elementor-widget-text-editor:not(.elementor-drop-cap-view-default) .elementor-drop-cap-letter{width:1em;height:1em}.elementor-widget-text-editor .elementor-drop-cap{float:left;text-align:center;line-height:1;font-size:50px}.elementor-widget-text-editor .elementor-drop-cap-letter{display:inline-block}<\/style>\t\t\t\t<div class=\"elementor-element elementor-element-f22cc9a elementor-widget elementor-widget-cz_title\" data-id=\"f22cc9a\" data-element_type=\"widget\" data-widget_type=\"cz_title.default\"><div class=\"elementor-widget-container\"><div><div class=\"cz_title clr cz_mobile_text_center cz_title_pos_inline\"><div class=\"cz_title_content\"><div class=\"cz_wpe_content\"><p>Nous sommes \u00a0une soci\u00e9t\u00e9 sp\u00e9cialis\u00e9e dans la vente et l\u2019export de voitures et de v\u00e9hicules automobiles l\u00e9gers dans toute l\u2019Europe. Nous faisons partie du plus grand portail automobile Allemand qui facilite l\u2019achat d\u2019un v\u00e9hicule. Par une simple recherche et en quelques clics, vous pourrez obtenir un aper\u00e7u de l\u2019ensemble du march\u00e9 automobile. Vous pourrez facilement comparer et prendre une d\u00e9cision.<\/p><p>\u00a0<\/p><\/div><\/div><\/div><\/div><\/div><\/div><div class=\"elementor-element elementor-element-7c37e85 elementor-widget elementor-widget-cz_title\" data-id=\"7c37e85\" data-element_type=\"widget\" data-widget_type=\"cz_title.default\"><div class=\"elementor-widget-container\"><div><div class=\"cz_title clr cz_mobile_text_center cz_title_pos_inline\"><div class=\"cz_title_content\"><div class=\"cz_wpe_content\"><p>Vous trouverez avec nous des offres adapt\u00e9es \u00e0 vos besoins. Elles peuvent m\u00eame \u00eatre assorties d\u2019une garantie v\u00e9hicule d\u2019occasion, si n\u00e9cessaire. Ou peut-\u00eatre recherchez vous une voiture neuve ? Alors, vous \u00eates au bon endroit. Des v\u00e9hicules flambant neufs, des voitures CE neuves, des voitures avec immatriculations pour une journ\u00e9e et des voitures de soci\u00e9t\u00e9 parfaitement entretenues provenant de toute l\u2019Union europ\u00e9enne. Le tout clairement d\u00e9taill\u00e9 et offrant un vaste choix. En d\u2019autres termes, , vous trouverez facilement le v\u00e9hicule adapt\u00e9 \u00e0 votre mode de vie.<\/p><p>\u00a0<\/p><\/div><\/div><\/div><\/div><\/div><\/div>\t\t\t\t\t\t<\/div>\n\t\t\t\t<\/div>\n\t\t\t\t<\/div>\n\t\t\t\t\t<\/div>\n\t\t\t\t<\/div>\n\t\t<div class=\"elementor-element elementor-element-f9954d2 e-flex e-con-boxed e-con e-parent\" data-id=\"f9954d2\" data-element_type=\"container\" data-settings=\"{&quot;content_width&quot;:&quot;boxed&quot;}\" data-core-v316-plus=\"true\">\n\t\t\t\t\t<div class=\"e-con-inner\">\n\t\t\t\t\t<\/div>\n\t\t\t\t<\/div>\n\t\t<div class=\"elementor-element elementor-element-9fd454c e-flex e-con-boxed e-con e-parent\" data-id=\"9fd454c\" data-element_type=\"container\" data-settings=\"{&quot;content_width&quot;:&quot;boxed&quot;}\" data-core-v316-plus=\"true\">\n\t\t\t\t\t<div class=\"e-con-inner\">\n\t\t<div class=\"elementor-element elementor-element-b6767c7 e-con-full e-flex e-con e-child\" data-id=\"b6767c7\" data-element_type=\"container\" data-settings=\"{&quot;content_width&quot;:&quot;full&quot;,&quot;background_background&quot;:&quot;classic&quot;}\">\n\t\t\t\t<div class=\"elementor-element elementor-element-fce9843 elementor-widget elementor-widget-heading\" data-id=\"fce9843\" data-element_type=\"widget\" data-widget_type=\"heading.default\">\n\t\t\t\t<div class=\"elementor-widget-container\">\n\t\t\t<h1 class=\"elementor-heading-title elementor-size-xl\">1<\/h1>\t\t<\/div>\n\t\t\t\t<\/div>\n\t\t\t\t<div class=\"elementor-element elementor-element-49214b8 elementor-widget elementor-widget-heading\" data-id=\"49214b8\" data-element_type=\"widget\" data-widget_type=\"heading.default\">\n\t\t\t\t<div class=\"elementor-widget-container\">\n\t\t\t<h5 class=\"elementor-heading-title elementor-size-default\">Prix de vente<\/h5>\t\t<\/div>\n\t\t\t\t<\/div>\n\t\t\t\t<div class=\"elementor-element elementor-element-5bdddb7 elementor-widget elementor-widget-text-editor\" data-id=\"5bdddb7\" data-element_type=\"widget\" data-widget_type=\"text-editor.default\">\n\t\t\t\t<div class=\"elementor-widget-container\">\n\t\t\t\t\t\t\t<p>Le prix affich\u00e9 sur nos&nbsp;<\/p><p>annonces comprend la TVA, l\u2019immatriculation et la Carte grise au nom de l\u2019acqu\u00e9reur.<\/p>\t\t\t\t\t\t<\/div>\n\t\t\t\t<\/div>\n\t\t\t\t<\/div>\n\t\t<div class=\"elementor-element elementor-element-3e5f062 e-con-full e-flex e-con e-child\" data-id=\"3e5f062\" data-element_type=\"container\" data-settings=\"{&quot;content_width&quot;:&quot;full&quot;,&quot;background_background&quot;:&quot;classic&quot;}\">\n\t\t\t\t<div class=\"elementor-element elementor-element-82dc4c2 elementor-widget elementor-widget-heading\" data-id=\"82dc4c2\" data-element_type=\"widget\" data-widget_type=\"heading.default\">\n\t\t\t\t<div class=\"elementor-widget-container\">\n\t\t\t<h1 class=\"elementor-heading-title elementor-size-xl\">2<\/h1>\t\t<\/div>\n\t\t\t\t<\/div>\n\t\t\t\t<div class=\"elementor-element elementor-element-1578b55 elementor-widget elementor-widget-heading\" data-id=\"1578b55\" data-element_type=\"widget\" data-widget_type=\"heading.default\">\n\t\t\t\t<div class=\"elementor-widget-container\">\n\t\t\t<h4 class=\"elementor-heading-title elementor-size-default\">Livraison<\/h4>\t\t<\/div>\n\t\t\t\t<\/div>\n\t\t\t\t<div class=\"elementor-element elementor-element-8b73e3c elementor-widget elementor-widget-text-editor\" data-id=\"8b73e3c\" data-element_type=\"widget\" data-widget_type=\"text-editor.default\">\n\t\t\t\t<div class=\"elementor-widget-container\">\n\t\t\t\t\t\t\t<p>Nous facturons 700\u20ac de frais de livraison. La livraison s\u2019effectue \u00e0 domicile. D\u00e9lai de livraison : 5 jours<\/p>\t\t\t\t\t\t<\/div>\n\t\t\t\t<\/div>\n\t\t\t\t<\/div>\n\t\t<div class=\"elementor-element elementor-element-e79c86d e-con-full e-flex e-con e-child\" data-id=\"e79c86d\" data-element_type=\"container\" data-settings=\"{&quot;content_width&quot;:&quot;full&quot;,&quot;background_background&quot;:&quot;classic&quot;}\">\n\t\t\t\t<div class=\"elementor-element elementor-element-a40af51 elementor-widget elementor-widget-heading\" data-id=\"a40af51\" data-element_type=\"widget\" data-widget_type=\"heading.default\">\n\t\t\t\t<div class=\"elementor-widget-container\">\n\t\t\t<h1 class=\"elementor-heading-title elementor-size-xl\">3<\/h1>\t\t<\/div>\n\t\t\t\t<\/div>\n\t\t\t\t<div class=\"elementor-element elementor-element-e6a4bcf elementor-widget elementor-widget-heading\" data-id=\"e6a4bcf\" data-element_type=\"widget\" data-widget_type=\"heading.default\">\n\t\t\t\t<div class=\"elementor-widget-container\">\n\t\t\t<h4 class=\"elementor-heading-title elementor-size-default\">Suppl\u00e9ment d'achat<\/h4>\t\t<\/div>\n\t\t\t\t<\/div>\n\t\t\t\t<div class=\"elementor-element elementor-element-761d6ec elementor-widget elementor-widget-text-editor\" data-id=\"761d6ec\" data-element_type=\"widget\" data-widget_type=\"text-editor.default\">\n\t\t\t\t<div class=\"elementor-widget-container\">\n\t\t\t\t\t\t\t<p>Notre soci\u00e9t\u00e9 s&#8217;engage \u00e0 fournir, dans la langue voulue par l\u2019acqu\u00e9reur, tous les papiers \u00e0 la livraison du v\u00e9hicule.<\/p>\t\t\t\t\t\t<\/div>\n\t\t\t\t<\/div>\n\t\t\t\t<\/div>\n\t\t<div class=\"elementor-element elementor-element-cfe6342 e-con-full e-flex e-con e-child\" data-id=\"cfe6342\" data-element_type=\"container\" data-settings=\"{&quot;content_width&quot;:&quot;full&quot;,&quot;background_background&quot;:&quot;classic&quot;}\">\n\t\t\t\t<div class=\"elementor-element elementor-element-7a7039b elementor-widget elementor-widget-heading\" data-id=\"7a7039b\" data-element_type=\"widget\" data-widget_type=\"heading.default\">\n\t\t\t\t<div class=\"elementor-widget-container\">\n\t\t\t<h2 class=\"elementor-heading-title elementor-size-xl\">4<\/h2>\t\t<\/div>\n\t\t\t\t<\/div>\n\t\t\t\t<div class=\"elementor-element elementor-element-0806e25 elementor-widget elementor-widget-heading\" data-id=\"0806e25\" data-element_type=\"widget\" data-widget_type=\"heading.default\">\n\t\t\t\t<div class=\"elementor-widget-container\">\n\t\t\t<h4 class=\"elementor-heading-title elementor-size-default\">Etat du v\u00e9hicule<\/h4>\t\t<\/div>\n\t\t\t\t<\/div>\n\t\t\t\t<div class=\"elementor-element elementor-element-8abdd9c elementor-widget elementor-widget-text-editor\" data-id=\"8abdd9c\" data-element_type=\"widget\" data-widget_type=\"text-editor.default\">\n\t\t\t\t<div class=\"elementor-widget-container\">\n\t\t\t\t\t\t\t<p>Lors de l&#8217;achat du v\u00e9hicule, ce dernier est expertis\u00e9 par un professionnel de l\u2019automobile, d\u00e8s r\u00e9ception dans nos parcs.<\/p>\t\t\t\t\t\t<\/div>\n\t\t\t\t<\/div>\n\t\t\t\t<\/div>\n\t\t\t\t\t<\/div>\n\t\t\t\t<\/div>\n\t\t\t\t\t\t\t<\/div>\n\t\t","protected":false},"excerpt":{"rendered":"<p>A PROPOS BRIFFAUT IMPORT Nous sommes \u00a0une soci\u00e9t\u00e9 sp\u00e9cialis\u00e9e dans la vente et l\u2019export de voitures et de v\u00e9hicules automobiles l\u00e9gers dans toute l\u2019Europe. Nous faisons partie du plus grand portail automobile Allemand qui facilite l\u2019achat d\u2019un v\u00e9hicule. Par une simple recherche et en quelques clics, vous pourrez obtenir un aper\u00e7u de l\u2019ensemble du march\u00e9 [&hellip;]<\/p>\n","protected":false},"author":1,"featured_media":0,"parent":0,"menu_order":0,"comment_status":"closed","ping_status":"closed","template":"elementor_header_footer","meta":{"footnotes":""},"class_list":["post-1988","page","type-page","status-publish","hentry"],"_links":{"self":[{"href":"https:\/\/briffaut-import.com\/index.php\/wp-json\/wp\/v2\/pages\/1988","targetHints":{"allow":["GET"]}}],"collection":[{"href":"https:\/\/briffaut-import.com\/index.php\/wp-json\/wp\/v2\/pages"}],"about":[{"href":"https:\/\/briffaut-import.com\/index.php\/wp-json\/wp\/v2\/types\/page"}],"author":[{"embeddable":true,"href":"https:\/\/briffaut-import.com\/index.php\/wp-json\/wp\/v2\/users\/1"}],"replies":[{"embeddable":true,"href":"https:\/\/briffaut-import.com\/index.php\/wp-json\/wp\/v2\/comments?post=1988"}],"version-history":[{"count":49,"href":"https:\/\/briffaut-import.com\/index.php\/wp-json\/wp\/v2\/pages\/1988\/revisions"}],"predecessor-version":[{"id":2422,"href":"https:\/\/briffaut-import.com\/index.php\/wp-json\/wp\/v2\/pages\/1988\/revisions\/2422"}],"wp:attachment":[{"href":"https:\/\/briffaut-import.com\/index.php\/wp-json\/wp\/v2\/media?parent=1988"}],"curies":[{"name":"wp","href":"https:\/\/api.w.org\/{rel}","templated":true}]}}