{"id":2260,"date":"2023-11-23T18:07:05","date_gmt":"2023-11-23T17:07:05","guid":{"rendered":"https:\/\/briffaut-import.com\/?post_type=product&#038;p=2260"},"modified":"2023-11-23T18:07:05","modified_gmt":"2023-11-23T17:07:05","slug":"toyota-hilux-2020-double-cabine-confort-4x4-automatique","status":"publish","type":"product","link":"https:\/\/briffaut-import.com\/index.php\/produit\/toyota-hilux-2020-double-cabine-confort-4x4-automatique\/","title":{"rendered":"Toyota Hilux 2020 Double Cabine Confort 4&#215;4 AUTOMATIQUE"},"content":{"rendered":"<div class=\"xdj266r x11i5rnm xat24cr x1mh8g0r x1vvkbs x126k92a\">\n<div dir=\"auto\"><span class=\"x3nfvp2 x1j61x8r x1fcty0u xdj266r xhhsvwb xat24cr xgzva0m xxymvpz xlup9mm x1kky2od\"><img decoding=\"async\" class=\"xz74otr\" src=\"https:\/\/static.xx.fbcdn.net\/images\/emoji.php\/v9\/t3c\/1\/16\/1f5c2.png\" alt=\"\ud83d\uddc2\ufe0f\" width=\"16\" height=\"16\" \/><\/span>Toyota Hilux 2020<span class=\"x3nfvp2 x1j61x8r x1fcty0u xdj266r xhhsvwb xat24cr xgzva0m xxymvpz xlup9mm x1kky2od\"><img decoding=\"async\" class=\"xz74otr\" src=\"https:\/\/static.xx.fbcdn.net\/images\/emoji.php\/v9\/tb4\/1\/16\/2b50.png\" alt=\"\u2b50\" width=\"16\" height=\"16\" \/><\/span><\/div>\n<div dir=\"auto\">Double Cabine Confort 4&#215;4 AUTOMATIQUE<\/div>\n<\/div>\n<div class=\"x11i5rnm xat24cr x1mh8g0r x1vvkbs xtlvy1s x126k92a\">\n<div dir=\"auto\">FICHE TECHNIQUE <span class=\"x3nfvp2 x1j61x8r x1fcty0u xdj266r xhhsvwb xat24cr xgzva0m xxymvpz xlup9mm x1kky2od\"><img decoding=\"async\" class=\"xz74otr\" src=\"https:\/\/static.xx.fbcdn.net\/images\/emoji.php\/v9\/t33\/1\/16\/2705.png\" alt=\"\u2705\" width=\"16\" height=\"16\" \/><\/span>:<\/div>\n<div dir=\"auto\">&#8212; Ann\u00e9e Mod\u00e8le : 2020<\/div>\n<div dir=\"auto\">\u2013 Kilom\u00e9trage : 81 909 km<\/div>\n<div dir=\"auto\">\u2013 Bo\u00eete de vitesse : Automatique<\/div>\n<div dir=\"auto\">\u2013 \u00c9nergie : Diesel<\/div>\n<div dir=\"auto\">&#8212; Performance : 150 Ch<\/div>\n<\/div>\n<div class=\"x11i5rnm xat24cr x1mh8g0r x1vvkbs xtlvy1s x126k92a\">\n<div dir=\"auto\">transmission int\u00e9grale<\/div>\n<div dir=\"auto\">Pneus toutes saisons<\/div>\n<div dir=\"auto\">Attelage de remorque bien serr\u00e9<\/div>\n<div dir=\"auto\">accoudoir<\/div>\n<div dir=\"auto\">Bluetooth<\/div>\n<div dir=\"auto\">Ordinateur de bord<\/div>\n<div dir=\"auto\">lecteur CD<\/div>\n<div dir=\"auto\">Vitres \u00e9lectriques<\/div>\n<div dir=\"auto\">R\u00e9troviseur \u00e9lectrique<\/div>\n<div dir=\"auto\">Antid\u00e9marrage \u00e9lectrique<\/div>\n<div dir=\"auto\">ESP<\/div>\n<div dir=\"auto\">Assistant feux de route<\/div>\n<div dir=\"auto\">Mains libres<\/div>\n<div dir=\"auto\">garantie<\/div>\n<div dir=\"auto\">Cloison de coffre \u00e0 bagages<\/div>\n<div dir=\"auto\">Isofix<\/div>\n<div dir=\"auto\">Volant en cuir<\/div>\n<div dir=\"auto\">Jantes en alliage<\/div>\n<div dir=\"auto\">Capteur de lumi\u00e8re<\/div>\n<div dir=\"auto\">Volant multifonction<\/div>\n<div dir=\"auto\">syst\u00e8me de navigation<\/div>\n<div dir=\"auto\">Feux de brouillard<\/div>\n<div dir=\"auto\">V\u00e9hicule non-fumeur<\/div>\n<div dir=\"auto\">Assistant de freinage d&#8217;urgence<\/div>\n<div dir=\"auto\">Filtre \u00e0 particules<\/div>\n<div dir=\"auto\">Radio DAB<\/div>\n<div dir=\"auto\">Contr\u00f4le de la pression des pneus<\/div>\n<div dir=\"auto\">Historique d&#8217;entretien conserv\u00e9<\/div>\n<\/div>\n<div class=\"x11i5rnm xat24cr x1mh8g0r x1vvkbs xtlvy1s x126k92a\">\n<div dir=\"auto\">Garantie :24 mois<\/div>\n<\/div>\n<div class=\"x11i5rnm xat24cr x1mh8g0r x1vvkbs xtlvy1s x126k92a\">\n<div dir=\"auto\">PAYABLE COMPTANT D\u2019UN COUP<\/div>\n<div dir=\"auto\"><a class=\"x1i10hfl xjbqb8w x6umtig x1b1mbwd xaqea5y xav7gou x9f619 x1ypdohk xt0psk2 xe8uvvx xdj266r x11i5rnm xat24cr x1mh8g0r xexx8yu x4uap5 x18d9i69 xkhd6sd x16tdsg8 x1hl2dhg xggy1nq x1a2a7pz xt0b8zv x1qq9wsj xo1l8bm\" tabindex=\"0\" role=\"link\" href=\"https:\/\/web.facebook.com\/hashtag\/ou?__eep__=6&amp;__cft__[0]=AZU8sgBIonadZhwqFfJHtsBClTXiyUylupQfdR0m9WruKtI8XCe_XkgkdnWoIkHpNYG02lCo5qXkJH3o7gdVwU8Ssltq1NJwYsBYXzgiWg4ggl-Rh7xm27xZHkTygbEK7hySzqxBKugTcpb7V2QsSacXPusjuV2xl1SjAYGcvm-ucAKaHK-A2WC8qulNim_0C7A&amp;__tn__=*NK-R\">#OU<\/a> EN PLUSIEURS FOIS .<\/div>\n<\/div>\n<div class=\"x11i5rnm xat24cr x1mh8g0r x1vvkbs xtlvy1s x126k92a\">\n<div dir=\"auto\"><a class=\"x1i10hfl xjbqb8w x6umtig x1b1mbwd xaqea5y xav7gou x9f619 x1ypdohk xt0psk2 xe8uvvx xdj266r x11i5rnm xat24cr x1mh8g0r xexx8yu x4uap5 x18d9i69 xkhd6sd x16tdsg8 x1hl2dhg xggy1nq x1a2a7pz xt0b8zv x1qq9wsj xo1l8bm\" tabindex=\"0\" role=\"link\" href=\"https:\/\/web.facebook.com\/hashtag\/pour?__eep__=6&amp;__cft__[0]=AZU8sgBIonadZhwqFfJHtsBClTXiyUylupQfdR0m9WruKtI8XCe_XkgkdnWoIkHpNYG02lCo5qXkJH3o7gdVwU8Ssltq1NJwYsBYXzgiWg4ggl-Rh7xm27xZHkTygbEK7hySzqxBKugTcpb7V2QsSacXPusjuV2xl1SjAYGcvm-ucAKaHK-A2WC8qulNim_0C7A&amp;__tn__=*NK-R\">#Pour<\/a> commander , Veuillez nous faire parvenir l\u2019annonce ou la photo de la voiture en messagerie priv\u00e9e.<\/div>\n<\/div>\n<div class=\"x11i5rnm xat24cr x1mh8g0r x1vvkbs xtlvy1s x126k92a\">\n<div dir=\"auto\">IMPORTATION ALLEMANDE, v\u00e9hicule sous garantie Allemagne( valable en France et Belgique )<\/div>\n<div dir=\"auto\">Tous nos v\u00e9hicules sont garantis en concession entre 12-48mois avec possibilit\u00e9 d\u2019extension .<\/div>\n<div dir=\"auto\">On s\u2019occupe de tous les documents ci-bas avec la plaques ( compris dans le prix ) .<\/div>\n<div dir=\"auto\">\u2014CARTE GRISE OFFICIELLE (Plaque d\u2019immatriculation d\u00e9finitive )<\/div>\n<div dir=\"auto\">\u2013 CARNET D\u2019ENTRETIEN( constructeur)<\/div>\n<div dir=\"auto\">\u2013 CERTIFICAT DE KILOM\u00c9TRAGE<\/div>\n<\/div>\n<div class=\"x11i5rnm xat24cr x1mh8g0r x1vvkbs xtlvy1s x126k92a\">\n<div dir=\"auto\">Nos v\u00e9hicules sont livr\u00e9 avec carte grise et la plaque d\u2019immatriculation de votre pays d\u00e9j\u00e0 l\u00e9galis\u00e9 et Suivi des entretiens avec facture <span class=\"x3nfvp2 x1j61x8r x1fcty0u xdj266r xhhsvwb xat24cr xgzva0m xxymvpz xlup9mm x1kky2od\"><img loading=\"lazy\" decoding=\"async\" class=\"xz74otr\" src=\"https:\/\/static.xx.fbcdn.net\/images\/emoji.php\/v9\/t7a\/1\/16\/1f4c1.png\" alt=\"\ud83d\udcc1\" width=\"16\" height=\"16\" \/><\/span><\/div>\n<\/div>\n<div class=\"x11i5rnm xat24cr x1mh8g0r x1vvkbs xtlvy1s x126k92a\">\n<div dir=\"auto\">PS : Une r\u00e9duction de 10% est accord\u00e9e sur les achats comptant \u00e0 la commande<\/div>\n<\/div>\n<div class=\"x11i5rnm xat24cr x1mh8g0r x1vvkbs xtlvy1s x126k92a\">\n<div dir=\"auto\">QUE PENSENT NOS CLIENTS DE NOS PRESTATIONS ? A LIRE EN CLIQUANT SUR LE LIEN EN BAS<\/div>\n<div dir=\"auto\"><a class=\"x1i10hfl xjbqb8w x6umtig x1b1mbwd xaqea5y xav7gou x9f619 x1ypdohk xt0psk2 xe8uvvx xdj266r x11i5rnm xat24cr x1mh8g0r xexx8yu x4uap5 x18d9i69 xkhd6sd x16tdsg8 x1hl2dhg xggy1nq x1a2a7pz xt0b8zv xzsf02u x1s688f\" tabindex=\"0\" role=\"link\" href=\"https:\/\/web.facebook.com\/permalink.php?story_fbid=pfbid02ryUadXdAq1dfsfthfGQd1VJscDzaZp2cD5RWpCEDJdMPugfkMt8Z8j7e6211Uhqhl&amp;id=108916275430226&amp;__cft__[0]=AZU8sgBIonadZhwqFfJHtsBClTXiyUylupQfdR0m9WruKtI8XCe_XkgkdnWoIkHpNYG02lCo5qXkJH3o7gdVwU8Ssltq1NJwYsBYXzgiWg4ggl-Rh7xm27xZHkTygbEK7hySzqxBKugTcpb7V2QsSacXPusjuV2xl1SjAYGcvm-ucAKaHK-A2WC8qulNim_0C7A&amp;__tn__=-UK-R\">https:\/\/www.facebook.com\/permalink.php?story_fbid=108971358758051&amp;id=108916275430226<\/a><\/div>\n<\/div>\n<div class=\"x11i5rnm xat24cr x1mh8g0r x1vvkbs xtlvy1s x126k92a\">\n<div dir=\"auto\">NB: PS : SI VOUS VOULEZ UN V\u00c9HICULE PARTICULIER , NOUS POUVONS VOUS FAIRE UNE RECHERCHE PERSONNALIS\u00c9E<\/div>\n<\/div>\n<div class=\"x11i5rnm xat24cr x1mh8g0r x1vvkbs xtlvy1s x126k92a\">\n<div dir=\"auto\">VOUS AVEZ LA POSSIBILIT\u00c9 DE PAYER EN MENSUALIT\u00c9S .<\/div>\n<\/div>\n","protected":false},"excerpt":{"rendered":"<div dir=\"auto\">Possibilit\u00e9 de payer en plusieurs fois.<\/div>\n<div dir=\"auto\">&#8211; Ann\u00e9e Mod\u00e8le : 2020<\/div>\n<div dir=\"auto\">\u2013 Kilom\u00e9trage : 81 909 km<\/div>\n<div dir=\"auto\">\u2013 Bo\u00eete de vitesse : Automatique<\/div>\n<div dir=\"auto\">\u2013 \u00c9nergie : Diesel<\/div>\n<div dir=\"auto\">&#8211; Performance : 150 Ch<\/div>\n","protected":false},"featured_media":2282,"comment_status":"open","ping_status":"closed","template":"","meta":[],"product_cat":[140],"product_tag":[],"class_list":["post-2260","product","type-product","status-publish","has-post-thumbnail","hentry","product_cat-toyota"],"_links":{"self":[{"href":"https:\/\/briffaut-import.com\/index.php\/wp-json\/wp\/v2\/product\/2260","targetHints":{"allow":["GET"]}}],"collection":[{"href":"https:\/\/briffaut-import.com\/index.php\/wp-json\/wp\/v2\/product"}],"about":[{"href":"https:\/\/briffaut-import.com\/index.php\/wp-json\/wp\/v2\/types\/product"}],"replies":[{"embeddable":true,"href":"https:\/\/briffaut-import.com\/index.php\/wp-json\/wp\/v2\/comments?post=2260"}],"wp:featuredmedia":[{"embeddable":true,"href":"https:\/\/briffaut-import.com\/index.php\/wp-json\/wp\/v2\/media\/2282"}],"wp:attachment":[{"href":"https:\/\/briffaut-import.com\/index.php\/wp-json\/wp\/v2\/media?parent=2260"}],"wp:term":[{"taxonomy":"product_cat","embeddable":true,"href":"https:\/\/briffaut-import.com\/index.php\/wp-json\/wp\/v2\/product_cat?post=2260"},{"taxonomy":"product_tag","embeddable":true,"href":"https:\/\/briffaut-import.com\/index.php\/wp-json\/wp\/v2\/product_tag?post=2260"}],"curies":[{"name":"wp","href":"https:\/\/api.w.org\/{rel}","templated":true}]}}