{"id":2477,"date":"2023-12-05T09:22:34","date_gmt":"2023-12-05T08:22:34","guid":{"rendered":"https:\/\/briffaut-import.com\/?post_type=product&#038;p=2477"},"modified":"2023-12-05T09:22:34","modified_gmt":"2023-12-05T08:22:34","slug":"mercedes-benz-cla-1-3-cla-180","status":"publish","type":"product","link":"https:\/\/briffaut-import.com\/index.php\/produit\/mercedes-benz-cla-1-3-cla-180\/","title":{"rendered":"Mercedes-Benz CLA 1.3 \/ CLA 180"},"content":{"rendered":"<div class=\"x11i5rnm xat24cr x1mh8g0r x1vvkbs xtlvy1s x126k92a\">\n<div dir=\"auto\">Garantie :24 mois<\/div>\n<\/div>\n<div class=\"x11i5rnm xat24cr x1mh8g0r x1vvkbs xtlvy1s x126k92a\">\n<div dir=\"auto\">PAYABLE COMPTANT D\u2019UN COUP OU EN PLUSIEURS FOIS .<\/div>\n<\/div>\n<div class=\"x11i5rnm xat24cr x1mh8g0r x1vvkbs xtlvy1s x126k92a\">\n<div dir=\"auto\">Pour commander , Veuillez nous faire parvenir l\u2019annonce ou la photo de la voiture en messagerie priv\u00e9e.<\/div>\n<\/div>\n<div class=\"x11i5rnm xat24cr x1mh8g0r x1vvkbs xtlvy1s x126k92a\">\n<div dir=\"auto\">IMPORTATION ALLEMANDE, v\u00e9hicule sous garantie Allemagne( valable en France et Belgique )<\/div>\n<div dir=\"auto\">Tous nos v\u00e9hicules sont garantis en concession entre 12-48mois avec possibilit\u00e9 d\u2019extension .<\/div>\n<div dir=\"auto\">On s\u2019occupe de tous les documents ci-bas avec la plaques ( compris dans le prix ) .<\/div>\n<div dir=\"auto\">\u2014CARTE GRISE OFFICIELLE (Plaque d\u2019immatriculation d\u00e9finitive )<\/div>\n<div dir=\"auto\">\u2013 CARNET D\u2019ENTRETIEN( constructeur)<\/div>\n<div dir=\"auto\">\u2013 CERTIFICAT DE KILOM\u00c9TRAGE<\/div>\n<\/div>\n<div class=\"x11i5rnm xat24cr x1mh8g0r x1vvkbs xtlvy1s x126k92a\">\n<div dir=\"auto\">Nos v\u00e9hicules sont livr\u00e9 avec carte grise et la plaque d\u2019immatriculation de votre pays d\u00e9j\u00e0 l\u00e9galis\u00e9 et Suivi des entretiens avec facture <span class=\"x3nfvp2 x1j61x8r x1fcty0u xdj266r xhhsvwb xat24cr xgzva0m xxymvpz xlup9mm x1kky2od\"><img decoding=\"async\" class=\"xz74otr\" src=\"https:\/\/static.xx.fbcdn.net\/images\/emoji.php\/v9\/t7a\/1\/16\/1f4c1.png\" alt=\"\ud83d\udcc1\" width=\"16\" height=\"16\" \/><\/span><\/div>\n<\/div>\n<div class=\"x11i5rnm xat24cr x1mh8g0r x1vvkbs xtlvy1s x126k92a\">\n<div dir=\"auto\">PS : Une r\u00e9duction de 10% est accord\u00e9e sur les achats comptant \u00e0 la commande<\/div>\n<\/div>\n<div class=\"x11i5rnm xat24cr x1mh8g0r x1vvkbs xtlvy1s x126k92a\">\n<div dir=\"auto\">QUE PENSENT NOS CLIENTS DE NOS PRESTATIONS ? A LIRE EN CLIQUANT SUR LE LIEN EN BAS<\/div>\n<\/div>\n<div class=\"x11i5rnm xat24cr x1mh8g0r x1vvkbs xtlvy1s x126k92a\">\n<div dir=\"auto\">NB: PS : SI VOUS VOULEZ UN V\u00c9HICULE PARTICULIER , NOUS POUVONS VOUS FAIRE UNE RECHERCHE PERSONNALIS\u00c9E<\/div>\n<\/div>\n<div class=\"x11i5rnm xat24cr x1mh8g0r x1vvkbs xtlvy1s x126k92a\">\n<div dir=\"auto\">VOUS AVEZ LA POSSIBILIT\u00c9 DE PAYER EN MENSUALIT\u00c9S .<\/p>\n<div dir=\"auto\">Mercedes-Benz CLA<\/div>\n<div dir=\"auto\">1.3 \/ CLA 180 \/ AMG \/ Str\u00f8keN \/ Pano \/ Nigth Pack \/ Keyless \/ Xenon \/ Isofix \/ Cuir Partiel \/ Attelage \/ 5 Places \/ R-Cam \/ Navi \/ USB \/ Bluetooth \/ DAB+ \/ 2019 \/ Essence \/ 136 Ch \/ Automatique \/ 74000 km ( certifi\u00e9)<\/div>\n<\/div>\n<\/div>\n","protected":false},"excerpt":{"rendered":"<div dir=\"auto\">Mercedes-Benz CLA<\/div>\n<div dir=\"auto\">1.3 \/ CLA 180 \/ AMG \/ Str\u00f8keN \/ Pano \/ Nigth Pack \/ Keyless \/ Xenon \/ Isofix \/ Cuir Partiel \/ Attelage \/ 5 Places \/ R-Cam \/ Navi \/ USB \/ Bluetooth \/ DAB+ \/ 2019 \/ Essence \/ 136 Ch \/ Automatique \/ 74000 km ( certifi\u00e9)<\/div>\n","protected":false},"featured_media":2478,"comment_status":"open","ping_status":"closed","template":"","meta":[],"product_cat":[145],"product_tag":[],"class_list":["post-2477","product","type-product","status-publish","has-post-thumbnail","hentry","product_cat-mercedes"],"_links":{"self":[{"href":"https:\/\/briffaut-import.com\/index.php\/wp-json\/wp\/v2\/product\/2477","targetHints":{"allow":["GET"]}}],"collection":[{"href":"https:\/\/briffaut-import.com\/index.php\/wp-json\/wp\/v2\/product"}],"about":[{"href":"https:\/\/briffaut-import.com\/index.php\/wp-json\/wp\/v2\/types\/product"}],"replies":[{"embeddable":true,"href":"https:\/\/briffaut-import.com\/index.php\/wp-json\/wp\/v2\/comments?post=2477"}],"wp:featuredmedia":[{"embeddable":true,"href":"https:\/\/briffaut-import.com\/index.php\/wp-json\/wp\/v2\/media\/2478"}],"wp:attachment":[{"href":"https:\/\/briffaut-import.com\/index.php\/wp-json\/wp\/v2\/media?parent=2477"}],"wp:term":[{"taxonomy":"product_cat","embeddable":true,"href":"https:\/\/briffaut-import.com\/index.php\/wp-json\/wp\/v2\/product_cat?post=2477"},{"taxonomy":"product_tag","embeddable":true,"href":"https:\/\/briffaut-import.com\/index.php\/wp-json\/wp\/v2\/product_tag?post=2477"}],"curies":[{"name":"wp","href":"https:\/\/api.w.org\/{rel}","templated":true}]}}