{"id":2587,"date":"2023-12-05T10:59:07","date_gmt":"2023-12-05T09:59:07","guid":{"rendered":"https:\/\/briffaut-import.com\/?post_type=product&#038;p=2587"},"modified":"2023-12-05T10:59:07","modified_gmt":"2023-12-05T09:59:07","slug":"caravane-adria-altea-432-px","status":"publish","type":"product","link":"https:\/\/briffaut-import.com\/index.php\/produit\/caravane-adria-altea-432-px\/","title":{"rendered":"Caravane Adria Altea 432 PX"},"content":{"rendered":"<div class=\"x11i5rnm xat24cr x1mh8g0r x1vvkbs xtlvy1s x126k92a\">\n<div dir=\"auto\">AYABLE COMPTANT D\u2019UN COUP<\/div>\n<div dir=\"auto\"><a class=\"x1i10hfl xjbqb8w x6umtig x1b1mbwd xaqea5y xav7gou x9f619 x1ypdohk xt0psk2 xe8uvvx xdj266r x11i5rnm xat24cr x1mh8g0r xexx8yu x4uap5 x18d9i69 xkhd6sd x16tdsg8 x1hl2dhg xggy1nq x1a2a7pz xt0b8zv x1qq9wsj xo1l8bm\" tabindex=\"0\" role=\"link\" href=\"https:\/\/web.facebook.com\/hashtag\/ou?__eep__=6&amp;__cft__[0]=AZVZ2a3TzBGL3X7Kxvp_mnpGPIoVli3KrNNPQ1-Pu2lYRZtc13fV5M6E2REKz6WkZ9wiFszakAnEdJ-7PoybeecuUsJx_BJsqfZyZnCJJ1dnhPGj5uzxry1-bEPO8dduIflo8pIsD8DIcfMJr6EBJ2F1J3PKAz0lSw2tetwtUWMJII2VJoZDCXE0-yV5GpFEA5A&amp;__tn__=*NK-R\">#OU<\/a> EN PLUSIEURS FOIS .<\/div>\n<\/div>\n<div class=\"x11i5rnm xat24cr x1mh8g0r x1vvkbs xtlvy1s x126k92a\">\n<div dir=\"auto\"><a class=\"x1i10hfl xjbqb8w x6umtig x1b1mbwd xaqea5y xav7gou x9f619 x1ypdohk xt0psk2 xe8uvvx xdj266r x11i5rnm xat24cr x1mh8g0r xexx8yu x4uap5 x18d9i69 xkhd6sd x16tdsg8 x1hl2dhg xggy1nq x1a2a7pz xt0b8zv x1qq9wsj xo1l8bm\" tabindex=\"0\" role=\"link\" href=\"https:\/\/web.facebook.com\/hashtag\/pour?__eep__=6&amp;__cft__[0]=AZVZ2a3TzBGL3X7Kxvp_mnpGPIoVli3KrNNPQ1-Pu2lYRZtc13fV5M6E2REKz6WkZ9wiFszakAnEdJ-7PoybeecuUsJx_BJsqfZyZnCJJ1dnhPGj5uzxry1-bEPO8dduIflo8pIsD8DIcfMJr6EBJ2F1J3PKAz0lSw2tetwtUWMJII2VJoZDCXE0-yV5GpFEA5A&amp;__tn__=*NK-R\">#Pour<\/a> commander , Veuillez nous faire parvenir l\u2019annonce ou la photo de la voiture en messagerie priv\u00e9e.<\/div>\n<\/div>\n<div class=\"x11i5rnm xat24cr x1mh8g0r x1vvkbs xtlvy1s x126k92a\">\n<div dir=\"auto\">IMPORTATION ALLEMANDE, v\u00e9hicule sous garantie Allemagne( valable en France et Belgique )<\/div>\n<div dir=\"auto\">Tous nos v\u00e9hicules sont garantis en concession entre 12-48mois avec possibilit\u00e9 d\u2019extension .<\/div>\n<div dir=\"auto\">On s\u2019occupe de tous les documents ci-bas avec la plaques ( compris dans le prix ) .<\/div>\n<div dir=\"auto\">\u2014CARTE GRISE OFFICIELLE (Plaque d\u2019immatriculation d\u00e9finitive )<\/div>\n<div dir=\"auto\">\u2013 CARNET D\u2019ENTRETIEN( constructeur)<\/div>\n<div dir=\"auto\">\u2013 CERTIFICAT DE KILOM\u00c9TRAGE<\/div>\n<\/div>\n<div class=\"x11i5rnm xat24cr x1mh8g0r x1vvkbs xtlvy1s x126k92a\">\n<div dir=\"auto\">Nos v\u00e9hicules sont livr\u00e9 avec carte grise et la plaque d\u2019immatriculation de votre pays d\u00e9j\u00e0 l\u00e9galis\u00e9 et Suivi des entretiens avec facture <span class=\"x3nfvp2 x1j61x8r x1fcty0u xdj266r xhhsvwb xat24cr xgzva0m xxymvpz xlup9mm x1kky2od\"><img decoding=\"async\" class=\"xz74otr\" src=\"https:\/\/static.xx.fbcdn.net\/images\/emoji.php\/v9\/t7a\/1\/16\/1f4c1.png\" alt=\"\ud83d\udcc1\" width=\"16\" height=\"16\" \/><\/span><\/div>\n<\/div>\n<div class=\"x11i5rnm xat24cr x1mh8g0r x1vvkbs xtlvy1s x126k92a\">\n<div dir=\"auto\">PS : Une r\u00e9duction de 10% est accord\u00e9e sur les achats comptant \u00e0 la commande<\/div>\n<\/div>\n<div class=\"x11i5rnm xat24cr x1mh8g0r x1vvkbs xtlvy1s x126k92a\">\n<div dir=\"auto\">QUE PENSENT NOS CLIENTS DE NOS PRESTATIONS ? A LIRE EN CLIQUANT SUR LE LIEN EN BAS<\/div>\n<div dir=\"auto\"><\/div>\n<\/div>\n<div class=\"x11i5rnm xat24cr x1mh8g0r x1vvkbs xtlvy1s x126k92a\">\n<div dir=\"auto\">NB: PS : SI VOUS VOULEZ UN V\u00c9HICULE PARTICULIER , NOUS POUVONS VOUS FAIRE UNE RECHERCHE PERSONNALIS\u00c9E<\/div>\n<\/div>\n<div class=\"x11i5rnm xat24cr x1mh8g0r x1vvkbs xtlvy1s x126k92a\">\n<div dir=\"auto\">VOUS AVEZ LA POSSIBILIT\u00c9 DE PAYER EN MENSUALIT\u00c9S .<\/div>\n<\/div>\n","protected":false},"excerpt":{"rendered":"<div class=\"xdj266r x11i5rnm xat24cr x1mh8g0r x1vvkbs x126k92a\">\n<div dir=\"auto\">Caravane Adria Altea 432 PX<\/div>\n<\/div>\n<div class=\"x11i5rnm xat24cr x1mh8g0r x1vvkbs xtlvy1s x126k92a\">\n<div dir=\"auto\">Donn\u00e9es du caravane<\/div>\n<div dir=\"auto\">Ann\u00e9e mod\u00e8le : 2023<\/div>\n<div dir=\"auto\">Lieux de couchage: 4<\/div>\n<div dir=\"auto\">Longueur: 640 cm<\/div>\n<div dir=\"auto\">Largeur: 230 cm<\/div>\n<div dir=\"auto\">Poids total: 1300kg<\/div>\n<div dir=\"auto\">Densit\u00e9: 1080 kg<\/div>\n<div dir=\"auto\">Charge utile: 220 kg<\/div>\n<\/div>\n","protected":false},"featured_media":2588,"comment_status":"open","ping_status":"closed","template":"","meta":[],"product_cat":[15],"product_tag":[],"class_list":["post-2587","product","type-product","status-publish","has-post-thumbnail","hentry","product_cat-non-classe"],"_links":{"self":[{"href":"https:\/\/briffaut-import.com\/index.php\/wp-json\/wp\/v2\/product\/2587","targetHints":{"allow":["GET"]}}],"collection":[{"href":"https:\/\/briffaut-import.com\/index.php\/wp-json\/wp\/v2\/product"}],"about":[{"href":"https:\/\/briffaut-import.com\/index.php\/wp-json\/wp\/v2\/types\/product"}],"replies":[{"embeddable":true,"href":"https:\/\/briffaut-import.com\/index.php\/wp-json\/wp\/v2\/comments?post=2587"}],"wp:featuredmedia":[{"embeddable":true,"href":"https:\/\/briffaut-import.com\/index.php\/wp-json\/wp\/v2\/media\/2588"}],"wp:attachment":[{"href":"https:\/\/briffaut-import.com\/index.php\/wp-json\/wp\/v2\/media?parent=2587"}],"wp:term":[{"taxonomy":"product_cat","embeddable":true,"href":"https:\/\/briffaut-import.com\/index.php\/wp-json\/wp\/v2\/product_cat?post=2587"},{"taxonomy":"product_tag","embeddable":true,"href":"https:\/\/briffaut-import.com\/index.php\/wp-json\/wp\/v2\/product_tag?post=2587"}],"curies":[{"name":"wp","href":"https:\/\/api.w.org\/{rel}","templated":true}]}}