{"id":2624,"date":"2023-12-05T11:22:35","date_gmt":"2023-12-05T10:22:35","guid":{"rendered":"https:\/\/briffaut-import.com\/?post_type=product&#038;p=2624"},"modified":"2023-12-05T11:22:35","modified_gmt":"2023-12-05T10:22:35","slug":"range-rover-evoque","status":"publish","type":"product","link":"https:\/\/briffaut-import.com\/index.php\/produit\/range-rover-evoque\/","title":{"rendered":"Range Rover Evoque"},"content":{"rendered":"<div class=\"x11i5rnm xat24cr x1mh8g0r x1vvkbs xtlvy1s x126k92a\">\n<div dir=\"auto\">arantie :24 mois<\/div>\n<\/div>\n<div class=\"x11i5rnm xat24cr x1mh8g0r x1vvkbs xtlvy1s x126k92a\">\n<div dir=\"auto\">PAYABLE COMPTANT D\u2019UN COUP<\/div>\n<div dir=\"auto\"><a class=\"x1i10hfl xjbqb8w x6umtig x1b1mbwd xaqea5y xav7gou x9f619 x1ypdohk xt0psk2 xe8uvvx xdj266r x11i5rnm xat24cr x1mh8g0r xexx8yu x4uap5 x18d9i69 xkhd6sd x16tdsg8 x1hl2dhg xggy1nq x1a2a7pz xt0b8zv x1qq9wsj xo1l8bm\" tabindex=\"0\" role=\"link\" href=\"https:\/\/web.facebook.com\/hashtag\/ou?__eep__=6&amp;__cft__[0]=AZU2CQY4zBpDwHbqHtEqA_ksiSKjdzohtVKTDnfhe-Z-o4iU6b94oxAHw4bl9KGNeYFF3PFDN2AY_2oCmIM2lSbIzzCeD4s5MtwPwOiBIpdreHsricg73igx9s8lANxtE0gZICFHNA9ACmwvp5UgA9QZSF3h2gQwRTqE2ZaUamN2fS6s078ulswrovh8qAuw77M&amp;__tn__=*NK-R\">#OU<\/a> EN PLUSIEURS FOIS .<\/div>\n<\/div>\n<div class=\"x11i5rnm xat24cr x1mh8g0r x1vvkbs xtlvy1s x126k92a\">\n<div dir=\"auto\"><a class=\"x1i10hfl xjbqb8w x6umtig x1b1mbwd xaqea5y xav7gou x9f619 x1ypdohk xt0psk2 xe8uvvx xdj266r x11i5rnm xat24cr x1mh8g0r xexx8yu x4uap5 x18d9i69 xkhd6sd x16tdsg8 x1hl2dhg xggy1nq x1a2a7pz xt0b8zv x1qq9wsj xo1l8bm\" tabindex=\"0\" role=\"link\" href=\"https:\/\/web.facebook.com\/hashtag\/pour?__eep__=6&amp;__cft__[0]=AZU2CQY4zBpDwHbqHtEqA_ksiSKjdzohtVKTDnfhe-Z-o4iU6b94oxAHw4bl9KGNeYFF3PFDN2AY_2oCmIM2lSbIzzCeD4s5MtwPwOiBIpdreHsricg73igx9s8lANxtE0gZICFHNA9ACmwvp5UgA9QZSF3h2gQwRTqE2ZaUamN2fS6s078ulswrovh8qAuw77M&amp;__tn__=*NK-R\">#Pour<\/a> commander , Veuillez nous faire parvenir l\u2019annonce ou la photo de la voiture en messagerie priv\u00e9e.<\/div>\n<\/div>\n<div class=\"x11i5rnm xat24cr x1mh8g0r x1vvkbs xtlvy1s x126k92a\">\n<div dir=\"auto\">IMPORTATION ALLEMANDE, v\u00e9hicule sous garantie Allemagne( valable en France et Belgique )<\/div>\n<div dir=\"auto\">Tous nos v\u00e9hicules sont garantis en concession entre 12-48mois avec possibilit\u00e9 d\u2019extension .<\/div>\n<div dir=\"auto\">On s\u2019occupe de tous les documents ci-bas avec la plaques ( compris dans le prix ) .<\/div>\n<div dir=\"auto\">\u2014CARTE GRISE OFFICIELLE (Plaque d\u2019immatriculation d\u00e9finitive )<\/div>\n<div dir=\"auto\">\u2013 CARNET D\u2019ENTRETIEN( constructeur)<\/div>\n<div dir=\"auto\">\u2013 CERTIFICAT DE KILOM\u00c9TRAGE<\/div>\n<\/div>\n<div class=\"x11i5rnm xat24cr x1mh8g0r x1vvkbs xtlvy1s x126k92a\">\n<div dir=\"auto\">Nos v\u00e9hicules sont livr\u00e9 avec carte grise et la plaque d\u2019immatriculation de votre pays d\u00e9j\u00e0 l\u00e9galis\u00e9 et Suivi des entretiens avec facture <span class=\"x3nfvp2 x1j61x8r x1fcty0u xdj266r xhhsvwb xat24cr xgzva0m xxymvpz xlup9mm x1kky2od\"><img decoding=\"async\" class=\"xz74otr\" src=\"https:\/\/static.xx.fbcdn.net\/images\/emoji.php\/v9\/t7a\/1\/16\/1f4c1.png\" alt=\"\ud83d\udcc1\" width=\"16\" height=\"16\" \/><\/span><\/div>\n<\/div>\n<div class=\"x11i5rnm xat24cr x1mh8g0r x1vvkbs xtlvy1s x126k92a\">\n<div dir=\"auto\">PS : Une r\u00e9duction de 10% est accord\u00e9e sur les achats comptant \u00e0 la commande<\/div>\n<\/div>\n<div class=\"x11i5rnm xat24cr x1mh8g0r x1vvkbs xtlvy1s x126k92a\">\n<div dir=\"auto\">QUE PENSENT NOS CLIENTS DE NOS PRESTATIONS ? A LIRE EN CLIQUANT SUR LE LIEN EN BAS<\/div>\n<div dir=\"auto\"><\/div>\n<\/div>\n<div class=\"x11i5rnm xat24cr x1mh8g0r x1vvkbs xtlvy1s x126k92a\">\n<div dir=\"auto\">NB: PS : SI VOUS VOULEZ UN V\u00c9HICULE PARTICULIER , NOUS POUVONS VOUS FAIRE UNE RECHERCHE PERSONNALIS\u00c9E<\/div>\n<\/div>\n<div class=\"x11i5rnm xat24cr x1mh8g0r x1vvkbs xtlvy1s x126k92a\">\n<div dir=\"auto\">VOUS AVEZ LA POSSIBILIT\u00c9 DE PAYER EN MENSUALIT\u00c9S .<\/div>\n<\/div>\n","protected":false},"excerpt":{"rendered":"<div dir=\"auto\">Range Rover Evoque<\/div>\n<div dir=\"auto\">2.2D\/ 150 CH \/ 4WD \/ Automat \/ CUIR \/ Panoramique\/ Meridian \/ automatique \/ diesel \/ 2014 \/ 166 000 km ( certifi\u00e9 )<\/div>\n","protected":false},"featured_media":2625,"comment_status":"open","ping_status":"closed","template":"","meta":[],"product_cat":[154],"product_tag":[],"class_list":["post-2624","product","type-product","status-publish","has-post-thumbnail","hentry","product_cat-range-rover"],"_links":{"self":[{"href":"https:\/\/briffaut-import.com\/index.php\/wp-json\/wp\/v2\/product\/2624","targetHints":{"allow":["GET"]}}],"collection":[{"href":"https:\/\/briffaut-import.com\/index.php\/wp-json\/wp\/v2\/product"}],"about":[{"href":"https:\/\/briffaut-import.com\/index.php\/wp-json\/wp\/v2\/types\/product"}],"replies":[{"embeddable":true,"href":"https:\/\/briffaut-import.com\/index.php\/wp-json\/wp\/v2\/comments?post=2624"}],"wp:featuredmedia":[{"embeddable":true,"href":"https:\/\/briffaut-import.com\/index.php\/wp-json\/wp\/v2\/media\/2625"}],"wp:attachment":[{"href":"https:\/\/briffaut-import.com\/index.php\/wp-json\/wp\/v2\/media?parent=2624"}],"wp:term":[{"taxonomy":"product_cat","embeddable":true,"href":"https:\/\/briffaut-import.com\/index.php\/wp-json\/wp\/v2\/product_cat?post=2624"},{"taxonomy":"product_tag","embeddable":true,"href":"https:\/\/briffaut-import.com\/index.php\/wp-json\/wp\/v2\/product_tag?post=2624"}],"curies":[{"name":"wp","href":"https:\/\/api.w.org\/{rel}","templated":true}]}}