{"id":2712,"date":"2025-05-02T21:59:22","date_gmt":"2025-05-02T19:59:22","guid":{"rendered":"https:\/\/briffaut-import.com\/?post_type=product&#038;p=2712"},"modified":"2025-05-06T10:43:36","modified_gmt":"2025-05-06T08:43:36","slug":"volkswagen-tiguan-ii-2-0-tdi","status":"publish","type":"product","link":"https:\/\/briffaut-import.com\/index.php\/produit\/volkswagen-tiguan-ii-2-0-tdi\/","title":{"rendered":"VOLKSWAGEN TIGUAN II 2.0 TDI"},"content":{"rendered":"<div class=\"x11i5rnm xat24cr x1mh8g0r x1vvkbs xtlvy1s x126k92a\">\n<div dir=\"auto\"><span style=\"vertical-align: inherit;\"><span style=\"vertical-align: inherit;\"><span style=\"vertical-align: inherit;\"><span style=\"vertical-align: inherit;\">PAYABLE COMPTANT D&#8217;UN COUP<\/span><\/span><\/span><\/span><\/div>\n<div dir=\"auto\"><a class=\"x1i10hfl xjbqb8w x6umtig x1b1mbwd xaqea5y xav7gou x9f619 x1ypdohk xt0psk2 xe8uvvx xdj266r x11i5rnm xat24cr x1mh8g0r xexx8yu x4uap5 x18d9i69 xkhd6sd x16tdsg8 x1hl2dhg xggy1nq x1a2a7pz xt0b8zv x1qq9wsj xo1l8bm\" tabindex=\"0\" role=\"link\" href=\"https:\/\/web.facebook.com\/hashtag\/ou?__eep__=6&amp;__cft__[0]=AZV5Ju7IpjplBFlRq2s9K9WeUYvnLjv65M6kjQhCCoJOCV9MlSNRso3EzDoyokq2x6Cax23hjaOjvpeXrX43q9glfIu8MwLVi8ghJ2YiDp81gfbPF5vmeRlOoB0rtt-iEEZ-eR9PdtMGl003cutAuoGGp6zvIjxjTBA-cuRwhzfqd77nic2uX8YdkIdRE_59PEE&amp;__tn__=*NK-R\"><span style=\"vertical-align: inherit;\"><span style=\"vertical-align: inherit;\"><span style=\"vertical-align: inherit;\"><span style=\"vertical-align: inherit;\">#OU<\/span><\/span><\/span><\/span><\/a><span style=\"vertical-align: inherit;\"><span style=\"vertical-align: inherit;\"><span style=\"vertical-align: inherit;\"><span style=\"vertical-align: inherit;\"> \u00a0EN PLUSIEURS FOIS .<\/span><\/span><\/span><\/span><\/div>\n<\/div>\n<div class=\"x11i5rnm xat24cr x1mh8g0r x1vvkbs xtlvy1s x126k92a\">\n<div dir=\"auto\"><a class=\"x1i10hfl xjbqb8w x6umtig x1b1mbwd xaqea5y xav7gou x9f619 x1ypdohk xt0psk2 xe8uvvx xdj266r x11i5rnm xat24cr x1mh8g0r xexx8yu x4uap5 x18d9i69 xkhd6sd x16tdsg8 x1hl2dhg xggy1nq x1a2a7pz xt0b8zv x1qq9wsj xo1l8bm\" tabindex=\"0\" role=\"link\" href=\"https:\/\/web.facebook.com\/hashtag\/pour?__eep__=6&amp;__cft__[0]=AZV5Ju7IpjplBFlRq2s9K9WeUYvnLjv65M6kjQhCCoJOCV9MlSNRso3EzDoyokq2x6Cax23hjaOjvpeXrX43q9glfIu8MwLVi8ghJ2YiDp81gfbPF5vmeRlOoB0rtt-iEEZ-eR9PdtMGl003cutAuoGGp6zvIjxjTBA-cuRwhzfqd77nic2uX8YdkIdRE_59PEE&amp;__tn__=*NK-R\"><span style=\"vertical-align: inherit;\"><span style=\"vertical-align: inherit;\"><span style=\"vertical-align: inherit;\"><span style=\"vertical-align: inherit;\">#Pour<\/span><\/span><\/span><\/span><\/a><span style=\"vertical-align: inherit;\"><span style=\"vertical-align: inherit;\"><span style=\"vertical-align: inherit;\"><span style=\"vertical-align: inherit;\"> \u00a0commander , Veuillez nous faire parvenir l&#8217;annonce ou la photo de la voiture en messagerie priv\u00e9e.<\/span><\/span><\/span><\/span><\/div>\n<\/div>\n<div class=\"x11i5rnm xat24cr x1mh8g0r x1vvkbs xtlvy1s x126k92a\">\n<div dir=\"auto\"><span style=\"vertical-align: inherit;\"><span style=\"vertical-align: inherit;\"><span style=\"vertical-align: inherit;\"><span style=\"vertical-align: inherit;\">IMPORTATION ALLEMANDE, v\u00e9hicule sous garantie Allemagne( valable en France et Belgique )<\/span><\/span><\/span><\/span><\/div>\n<div dir=\"auto\"><span style=\"vertical-align: inherit;\"><span style=\"vertical-align: inherit;\"><span style=\"vertical-align: inherit;\"><span style=\"vertical-align: inherit;\">Tous nos v\u00e9hicules sont garantis en concession entre 12-48mois avec possibilit\u00e9 d&#8217;extension .<\/span><\/span><\/span><\/span><\/div>\n<div dir=\"auto\"><span style=\"vertical-align: inherit;\"><span style=\"vertical-align: inherit;\"><span style=\"vertical-align: inherit;\"><span style=\"vertical-align: inherit;\">On s&#8217;occupe de tous les documents ci-bas avec les plaques (compris dans le prix).<\/span><\/span><\/span><\/span><\/div>\n<div dir=\"auto\"><span style=\"vertical-align: inherit;\"><span style=\"vertical-align: inherit;\"><span style=\"vertical-align: inherit;\"><span style=\"vertical-align: inherit;\">\u2014CARTE GRISE OFFICIELLE (Plaque d&#8217;immatriculation d\u00e9finitive)<\/span><\/span><\/span><\/span><\/div>\n<div dir=\"auto\"><span style=\"vertical-align: inherit;\"><span style=\"vertical-align: inherit;\"><span style=\"vertical-align: inherit;\"><span style=\"vertical-align: inherit;\">\u2013 CARNET D&#8217;ENTRETIEN(constructeur)<\/span><\/span><\/span><\/span><\/div>\n<div dir=\"auto\"><span style=\"vertical-align: inherit;\"><span style=\"vertical-align: inherit;\"><span style=\"vertical-align: inherit;\"><span style=\"vertical-align: inherit;\">\u2013 CERTIFICAT DE KILOM\u00c9TRAGE<\/span><\/span><\/span><\/span><\/div>\n<\/div>\n<div class=\"x11i5rnm xat24cr x1mh8g0r x1vvkbs xtlvy1s x126k92a\">\n<div dir=\"auto\"><span style=\"vertical-align: inherit;\"><span style=\"vertical-align: inherit;\"><span style=\"vertical-align: inherit;\"><span style=\"vertical-align: inherit;\">Nos v\u00e9hicules sont livr\u00e9s avec carte grise et la plaque d&#8217;immatriculation de votre pays d\u00e9j\u00e0 l\u00e9galis\u00e9 et Suivi des entretiens avec facture\u00a0<\/span><\/span><\/span><\/span><span class=\"x3nfvp2 x1j61x8r x1fcty0u xdj266r xhhsvwb xat24cr xgzva0m xxymvpz xlup9mm x1kky2od\"><img decoding=\"async\" class=\"xz74otr\" src=\"https:\/\/static.xx.fbcdn.net\/images\/emoji.php\/v9\/t7a\/1\/16\/1f4c1.png\" alt=\"\ud83d\udcc1\" width=\"16\" height=\"16\" \/><\/span><\/div>\n<\/div>\n<div class=\"x11i5rnm xat24cr x1mh8g0r x1vvkbs xtlvy1s x126k92a\">\n<div dir=\"auto\"><span style=\"vertical-align: inherit;\"><span style=\"vertical-align: inherit;\"><span style=\"vertical-align: inherit;\"><span style=\"vertical-align: inherit;\">PS : Une r\u00e9duction de 10% est accord\u00e9e sur les achats comptant \u00e0 la commande<\/span><\/span><\/span><\/span><\/div>\n<\/div>\n<div class=\"x11i5rnm xat24cr x1mh8g0r x1vvkbs xtlvy1s x126k92a\">\n<div dir=\"auto\"><\/div>\n<\/div>\n<div class=\"x11i5rnm xat24cr x1mh8g0r x1vvkbs xtlvy1s x126k92a\">\n<div dir=\"auto\"><span style=\"vertical-align: inherit;\"><span style=\"vertical-align: inherit;\"><span style=\"vertical-align: inherit;\"><span style=\"vertical-align: inherit;\">NB: PS : SI VOUS VOULEZ UN V\u00c9HICULE PARTICULIER , NOUS POUVONS VOUS FAIRE UNE RECHERCHE PERSONNALIS\u00c9E<\/span><\/span><\/span><\/span><\/div>\n<\/div>\n<div class=\"x11i5rnm xat24cr x1mh8g0r x1vvkbs xtlvy1s x126k92a\">\n<div dir=\"auto\"><span style=\"vertical-align: inherit;\"><span style=\"vertical-align: inherit;\"><span style=\"vertical-align: inherit;\"><span style=\"vertical-align: inherit;\">VOUS AVEZ LA POSSIBILIT\u00c9 DE PAYER EN MENSUALIT\u00c9S .<\/span><\/span><\/span><\/span><\/div>\n<\/div>\n","protected":false},"excerpt":{"rendered":"<p><span style=\"vertical-align: inherit;\"><span style=\"vertical-align: inherit;\"><span style=\"vertical-align: inherit;\"><span style=\"vertical-align: inherit;\">*MOD\u00c8LE : TIGUAN II 2.0 TDI 150 BLACK R-LINE 4MOTION DSG7<\/span><\/span><\/span><\/span><\/p>\n<p><span style=\"vertical-align: inherit;\"><span style=\"vertical-align: inherit;\"><span style=\"vertical-align: inherit;\"><span style=\"vertical-align: inherit;\">*ANN\u00c9E : 2017<\/span><\/span><\/span><\/span><\/p>\n<p><span style=\"vertical-align: inherit;\"><span style=\"vertical-align: inherit;\"><span style=\"vertical-align: inherit;\"><span style=\"vertical-align: inherit;\">*TYPE DE CARROSSERIE : 4&#215;4, SUV &amp; Crossover<\/span><\/span><\/span><\/span><\/p>\n<p><span style=\"vertical-align: inherit;\"><span style=\"vertical-align: inherit;\"><span style=\"vertical-align: inherit;\"><span style=\"vertical-align: inherit;\">*KILOM\u00c9TRAGE: 128 500 KM<\/span><\/span><\/span><\/span><\/p>\n<p><span style=\"vertical-align: inherit;\"><span style=\"vertical-align: inherit;\"><span style=\"vertical-align: inherit;\"><span style=\"vertical-align: inherit;\">*TYPE DE CARBURANT : DIESEL<\/span><\/span><\/span><\/span><\/p>\n<p><span style=\"vertical-align: inherit;\"><span style=\"vertical-align: inherit;\"><span style=\"vertical-align: inherit;\"><span style=\"vertical-align: inherit;\">*PUISSANCE FISCALE : 8 CV<\/span><\/span><\/span><\/span><\/p>\n<p><span style=\"vertical-align: inherit;\"><span style=\"vertical-align: inherit;\"><span style=\"vertical-align: inherit;\"><span style=\"vertical-align: inherit;\">*PUISSANCE DIN : 150 ch &#8211; (moteur) 110 kW<\/span><\/span><\/span><\/span><\/p>\n<p><span style=\"vertical-align: inherit;\"><span style=\"vertical-align: inherit;\"><span style=\"vertical-align: inherit;\"><span style=\"vertical-align: inherit;\">*CONTR\u00d4LE TECHNIQUE : 12 Mois<\/span><\/span><\/span><\/span><\/p>\n<p><span style=\"vertical-align: inherit;\"><span style=\"vertical-align: inherit;\"><span style=\"vertical-align: inherit;\"><span style=\"vertical-align: inherit;\">*GARANTIE : 12 mois<\/span><\/span><\/span><\/span><\/p>\n<p><span style=\"vertical-align: inherit;\"><span style=\"vertical-align: inherit;\"><span style=\"vertical-align: inherit;\"><span style=\"vertical-align: inherit;\">*TRANSMISSION : AUTOMATIQUE<\/span><\/span><\/span><\/span><\/p>\n<p><span style=\"vertical-align: inherit;\"><span style=\"vertical-align: inherit;\"><span style=\"vertical-align: inherit;\"><span style=\"vertical-align: inherit;\">*NOMBRE DE PROPRI\u00c9TAIRES : 1<\/span><\/span><\/span><\/span><\/p>\n<p><span style=\"vertical-align: inherit;\"><span style=\"vertical-align: inherit;\"><span style=\"vertical-align: inherit;\"><span style=\"vertical-align: inherit;\">NORME EURO: 6<\/span><\/span><\/span><\/span><\/p>\n<p><span style=\"vertical-align: inherit;\"><span style=\"vertical-align: inherit;\"><span style=\"vertical-align: inherit;\"><span style=\"vertical-align: inherit;\">*CONSOMMATION CO2 : 149 g\/km<\/span><\/span><\/span><\/span><\/p>\n<p><span style=\"vertical-align: inherit;\"><span style=\"vertical-align: inherit;\"><span style=\"vertical-align: inherit;\"><span style=\"vertical-align: inherit;\">*CONSOMMATION MIXTE : 5,1 L \/100 km<\/span><\/span><\/span><\/span><\/p>\n","protected":false},"featured_media":2714,"comment_status":"open","ping_status":"closed","template":"","meta":[],"product_cat":[156],"product_tag":[],"class_list":["post-2712","product","type-product","status-publish","has-post-thumbnail","hentry","product_cat-volkswagen"],"_links":{"self":[{"href":"https:\/\/briffaut-import.com\/index.php\/wp-json\/wp\/v2\/product\/2712","targetHints":{"allow":["GET"]}}],"collection":[{"href":"https:\/\/briffaut-import.com\/index.php\/wp-json\/wp\/v2\/product"}],"about":[{"href":"https:\/\/briffaut-import.com\/index.php\/wp-json\/wp\/v2\/types\/product"}],"replies":[{"embeddable":true,"href":"https:\/\/briffaut-import.com\/index.php\/wp-json\/wp\/v2\/comments?post=2712"}],"wp:featuredmedia":[{"embeddable":true,"href":"https:\/\/briffaut-import.com\/index.php\/wp-json\/wp\/v2\/media\/2714"}],"wp:attachment":[{"href":"https:\/\/briffaut-import.com\/index.php\/wp-json\/wp\/v2\/media?parent=2712"}],"wp:term":[{"taxonomy":"product_cat","embeddable":true,"href":"https:\/\/briffaut-import.com\/index.php\/wp-json\/wp\/v2\/product_cat?post=2712"},{"taxonomy":"product_tag","embeddable":true,"href":"https:\/\/briffaut-import.com\/index.php\/wp-json\/wp\/v2\/product_tag?post=2712"}],"curies":[{"name":"wp","href":"https:\/\/api.w.org\/{rel}","templated":true}]}}